{"id":6569,"date":"2025-06-29T23:57:11","date_gmt":"2025-06-30T02:57:11","guid":{"rendered":"https:\/\/urupesnet.com.br\/site\/?page_id=6569"},"modified":"2025-06-29T23:58:41","modified_gmt":"2025-06-30T02:58:41","slug":"lgpd","status":"publish","type":"page","link":"https:\/\/urupesnet.com.br\/site\/lgpd\/","title":{"rendered":"LGPD \u2013 Lei Geral de Prote\u00e7\u00e3o de Dados"},"content":{"rendered":"\t\t<div data-elementor-type=\"wp-page\" data-elementor-id=\"6569\" class=\"elementor elementor-6569\">\n\t\t\t\t<div class=\"elementor-element elementor-element-19aa5bad e-flex e-con-boxed e-con e-parent \" data-id=\"19aa5bad\" data-element_type=\"container\">\t\t\t<div class=\"e-con-inner\">\r\n\t\t\t\t<div class=\"elementor-element elementor-element-809b118 elementor-widget elementor-widget-text-editor\" data-id=\"809b118\" data-element_type=\"widget\" data-widget_type=\"text-editor.default\">\n\t\t\t\t<div class=\"elementor-widget-container\">\n\t\t\t\t\t\t\t\t\t\n<h2 class=\"wp-block-heading\" data-start=\"2754\" data-end=\"2798\"><strong data-start=\"2757\" data-end=\"2798\">LGPD \u2013 Lei Geral de Prote\u00e7\u00e3o de Dados<\/strong><\/h2>\n<p data-start=\"2800\" data-end=\"2980\">A UrupesNet est\u00e1 comprometida com a transpar\u00eancia e seguran\u00e7a no tratamento dos seus dados pessoais, em total conformidade com a <strong data-start=\"2929\" data-end=\"2979\">Lei Geral de Prote\u00e7\u00e3o de Dados Pessoais (LGPD)<\/strong>.<\/p>\n<h3 data-start=\"2982\" data-end=\"3011\">Finalidades do Tratamento<\/h3>\n<p data-start=\"3012\" data-end=\"3072\">Os dados pessoais s\u00e3o tratados com as seguintes finalidades:<\/p>\n<p data-start=\"3075\" data-end=\"3122\">Execu\u00e7\u00e3o dos contratos de presta\u00e7\u00e3o de servi\u00e7os<\/p>\n<p data-start=\"3125\" data-end=\"3157\">Cumprimento de obriga\u00e7\u00f5es legais<\/p>\n<p data-start=\"3160\" data-end=\"3201\">Atendimento de solicita\u00e7\u00f5es dos titulares<\/p>\n<p data-start=\"3204\" data-end=\"3244\">Prote\u00e7\u00e3o do cr\u00e9dito e preven\u00e7\u00e3o \u00e0 fraude<\/p>\n<h3 data-start=\"3246\" data-end=\"3260\">Base Legal<\/h3>\n<p data-start=\"3261\" data-end=\"3435\">A UrupesNet utiliza bases legais previstas na LGPD, como execu\u00e7\u00e3o de contrato, consentimento do titular, e leg\u00edtimo interesse para garantir a presta\u00e7\u00e3o adequada dos servi\u00e7os.<\/p>\n<h3 data-start=\"3437\" data-end=\"3460\">Direitos do Titular<\/h3>\n<p data-start=\"3461\" data-end=\"3508\">Voc\u00ea, como titular dos dados, tem o direito de:<\/p>\n<p data-start=\"3511\" data-end=\"3547\">Confirmar a exist\u00eancia de tratamento<\/p>\n<p data-start=\"3550\" data-end=\"3568\">Acessar seus dados<\/p>\n<p data-start=\"3571\" data-end=\"3591\">Corrigir informa\u00e7\u00f5es<\/p>\n<p data-start=\"3594\" data-end=\"3633\">Solicitar exclus\u00e3o ou bloqueio de dados<\/p>\n<p data-start=\"3636\" data-end=\"3657\">Revogar consentimento<\/p>\n<p data-start=\"3660\" data-end=\"3693\">Solicitar portabilidade dos dados<\/p>\n<h3 data-start=\"3695\" data-end=\"3739\">Encarregado pela Prote\u00e7\u00e3o de Dados (DPO)<\/h3>\n<p data-start=\"3741\" data-end=\"3810\"><strong data-start=\"3741\" data-end=\"3768\">Rodrigo Aparecido Mauri<\/strong><br data-start=\"3768\" data-end=\"3771\" \/>E-mail: <strong data-start=\"3782\" data-end=\"3810\"><a class=\"cursor-pointer\" rel=\"noopener\" data-start=\"3784\" data-end=\"3808\">rodrigo@urupesnet.com.br<\/a><\/strong><\/p>\n\t\t\t\t\t\t\t\t<\/div>\n\t\t\t\t<\/div>\n\t\t\t\t\t<\/div>\r\n\t\t\t\t<\/div>\r\n\t\t\t\t<\/div>\n\t\t","protected":false},"excerpt":{"rendered":"<p>LGPD \u2013 Lei Geral de Prote\u00e7\u00e3o de Dados A UrupesNet est\u00e1 comprometida com a transpar\u00eancia e seguran\u00e7a no tratamento dos seus dados pessoais, em total conformidade com a Lei Geral de Prote\u00e7\u00e3o de Dados Pessoais (LGPD). Finalidades do Tratamento Os dados pessoais s\u00e3o tratados com as seguintes finalidades: Execu\u00e7\u00e3o dos contratos de presta\u00e7\u00e3o de servi\u00e7os [&hellip;]<\/p>\n","protected":false},"author":1,"featured_media":0,"parent":0,"menu_order":0,"comment_status":"closed","ping_status":"closed","template":"","meta":{"footnotes":""},"class_list":["post-6569","page","type-page","status-publish","hentry"],"_links":{"self":[{"href":"https:\/\/urupesnet.com.br\/site\/wp-json\/wp\/v2\/pages\/6569","targetHints":{"allow":["GET"]}}],"collection":[{"href":"https:\/\/urupesnet.com.br\/site\/wp-json\/wp\/v2\/pages"}],"about":[{"href":"https:\/\/urupesnet.com.br\/site\/wp-json\/wp\/v2\/types\/page"}],"author":[{"embeddable":true,"href":"https:\/\/urupesnet.com.br\/site\/wp-json\/wp\/v2\/users\/1"}],"replies":[{"embeddable":true,"href":"https:\/\/urupesnet.com.br\/site\/wp-json\/wp\/v2\/comments?post=6569"}],"version-history":[{"count":4,"href":"https:\/\/urupesnet.com.br\/site\/wp-json\/wp\/v2\/pages\/6569\/revisions"}],"predecessor-version":[{"id":6574,"href":"https:\/\/urupesnet.com.br\/site\/wp-json\/wp\/v2\/pages\/6569\/revisions\/6574"}],"wp:attachment":[{"href":"https:\/\/urupesnet.com.br\/site\/wp-json\/wp\/v2\/media?parent=6569"}],"curies":[{"name":"wp","href":"https:\/\/api.w.org\/{rel}","templated":true}]}}