{"id":6496,"date":"2025-06-29T22:52:45","date_gmt":"2025-06-30T01:52:45","guid":{"rendered":"https:\/\/urupesnet.com.br\/site\/?page_id=6496"},"modified":"2025-06-30T14:50:20","modified_gmt":"2025-06-30T17:50:20","slug":"sobre-nos","status":"publish","type":"page","link":"https:\/\/urupesnet.com.br\/site\/sobre-nos\/","title":{"rendered":"Sobre a Urup\u00eas Net"},"content":{"rendered":"\t\t<div data-elementor-type=\"wp-page\" data-elementor-id=\"6496\" class=\"elementor elementor-6496\">\n\t\t\t\t        <section class=\"elementor-section elementor-top-section elementor-element elementor-element-c3d7421 elementor-section-stretched elementor-section-content-middle elementor-section-boxed elementor-section-height-default elementor-section-height-default pxl-row-scroll-none pxl-bg-color-none pxl-section-overlay-none\" data-id=\"c3d7421\" data-element_type=\"section\" data-settings=\"{&quot;stretch_section&quot;:&quot;section-stretched&quot;}\">\n\n                \n                <div class=\"elementor-container elementor-column-gap-extended \">\n                <div class=\"elementor-column elementor-col-100 elementor-top-column elementor-element elementor-element-fc28ccc pxl-column-none\" data-id=\"fc28ccc\" data-element_type=\"column\">\r\n        <div class=\"elementor-widget-wrap elementor-element-populated\">\r\n                     \r\n        \t\t<div class=\"elementor-element elementor-element-87884bb elementor-widget elementor-widget-pxl_heading\" data-id=\"87884bb\" data-element_type=\"widget\" data-widget_type=\"pxl_heading.default\">\n\t\t\t\t<div class=\"elementor-widget-container\">\n\t\t\t\t\t<div id=\"pxl-pxl_heading-87884bb-4056\" class=\"pxl-heading px-sub-title-default-style\">\n\t<div class=\"pxl-heading--inner\">\n\t\t\n\t\t\t\t\t<div class=\"pxl-item--subtitle px-sub-title-default wow fadeIn\" data-wow-delay=\"100ms\">\n\t\t\t\t\t\t\t\t<span class=\"pxl-item--subtext\">\n\t\t\t\t\tSobre n\u00f3s\t\t\t\t<\/span>\n\t\t\t<\/div>\n\t\t\n\t\t<h3 class=\"pxl-item--title \" data-wow-delay=\"200ms\">\n\t\t\t\t\t\t\t\t<span class=\"pxl-item--text\">\n\t\t\t            <span class=\"pxl-text--slide\"><span class=\"wow letter\">Conectando<\/span><\/span> <span class=\"pxl-text--slide\"><span class=\"wow letter\">Hist\u00f3rias,<\/span><\/span> <span class=\"pxl-text--slide\"><span class=\"wow letter\">Transformando<\/span><\/span> <span class=\"pxl-text--slide\"><span class=\"wow letter\">Experi\u00eancias<\/span><\/span>\t\t\t        <\/span>\n\t\t\t\t\t\t\n\t\t<\/h3>\n\n\t\t\n\t\t\n\t\t\t\t\n\t<\/div>\n<\/div>\t\t\t\t<\/div>\n\t\t\t\t<\/div>\n\t\t\t\t<div class=\"elementor-element elementor-element-5352572 elementor-invisible elementor-widget elementor-widget-pxl_text_editor\" data-id=\"5352572\" data-element_type=\"widget\" data-settings=\"{&quot;_animation&quot;:&quot;fadeIn&quot;}\" data-widget_type=\"pxl_text_editor.default\">\n\t\t\t\t<div class=\"elementor-widget-container\">\n\t\t\t\t\t<div class=\"pxl-text-editor\">\n\t<div class=\"pxl-item--inner \" data-wow-delay=\"ms\">\n\t\t<p>A Urup\u00easNet nasceu com um prop\u00f3sito claro: entregar internet de qualidade com compromisso, tecnologia e um atendimento que realmente faz a diferen\u00e7a. Desde o in\u00edcio da nossa trajet\u00f3ria, sempre buscamos ir al\u00e9m das expectativas, oferecendo solu\u00e7\u00f5es que acompanham a evolu\u00e7\u00e3o do mundo digital.<\/p><p>Come\u00e7amos levando internet via r\u00e1dio para regi\u00f5es onde a conex\u00e3o era limitada. Com o tempo, fomos pioneiros em Urup\u00eas ao implantar a internet 100% fibra \u00f3ptica, garantindo mais velocidade, estabilidade e qualidade para todos os bairros da cidade.<\/p><p>Tamb\u00e9m inovamos na entrega de TV via streaming, com mais de 120 canais em alta defini\u00e7\u00e3o, e seguimos liderando com o lan\u00e7amento da nossa telefonia fixa digital sobre IP, unindo comunica\u00e7\u00e3o e tecnologia de ponta.<\/p><p>Nosso crescimento \u00e9 resultado de investimentos cont\u00ednuos em infraestrutura, parcerias estrat\u00e9gicas e, principalmente, da confian\u00e7a dos nossos clientes, que s\u00e3o parte essencial da nossa hist\u00f3ria.<\/p>\t\t\n\t<\/div>\n<\/div>\t\t\t\t<\/div>\n\t\t\t\t<\/div>\n\t\t        <section class=\"elementor-section elementor-inner-section elementor-element elementor-element-c74ac5b elementor-section-boxed elementor-section-height-default elementor-section-height-default pxl-row-scroll-none pxl-bg-color-none pxl-section-overlay-none\" data-id=\"c74ac5b\" data-element_type=\"section\">\n\n                \n                <div class=\"elementor-container elementor-column-gap-extended \">\n                <div class=\"elementor-column elementor-col-33 elementor-inner-column elementor-element elementor-element-11db9e0 layout-meta2 pxl-column-none\" data-id=\"11db9e0\" data-element_type=\"column\">\r\n        <div class=\"elementor-widget-wrap elementor-element-populated\">\r\n                     \r\n        \t\t<div class=\"elementor-element elementor-element-7b36825 elementor-invisible elementor-widget elementor-widget-pxl_icon_box\" data-id=\"7b36825\" data-element_type=\"widget\" data-settings=\"{&quot;_animation&quot;:&quot;fadeIn&quot;,&quot;_animation_delay&quot;:100}\" data-widget_type=\"pxl_icon_box.default\">\n\t\t\t\t<div class=\"elementor-widget-container\">\n\t\t\t\t\t<div class=\"pxl-icon-box pxl-icon-box3  \" data-wow-delay=\"ms\">\r\n    <div class=\"pxl-item--inner\">\r\n        <div class=\"pxl-item-wrap\">\r\n                            <div class=\"pxl-item--icon\">\r\n                    <svg xmlns=\"http:\/\/www.w3.org\/2000\/svg\" width=\"45\" height=\"45\" viewBox=\"0 0 45 45\" fill=\"none\"><g id=\"Page-1\"><g id=\"015---Wifi\"><path id=\"Shape\" d=\"M42 27H37.5V21.75C37.4984 21.2165 37.2126 20.7243 36.75 20.4585V11.25C36.75 10.0074 35.7426 9 34.5 9C33.2574 9 32.25 10.0074 32.25 11.25V20.4585C31.7874 20.7243 31.5016 21.2165 31.5 21.75V27H13.5V21.75C13.4984 21.2165 13.2126 20.7243 12.75 20.4585V11.25C12.75 10.0074 11.7426 9 10.5 9C9.25736 9 8.25 10.0074 8.25 11.25V20.4585C7.78744 20.7243 7.50161 21.2165 7.5 21.75V27H3C1.34315 27 0 28.3431 0 30V39C0 40.6569 1.34315 42 3 42H3.75V42.75C3.75 43.9926 4.75736 45 6 45H10.5C11.7426 45 12.75 43.9926 12.75 42.75V42H32.25V42.75C32.25 43.9926 33.2574 45 34.5 45H39C40.2426 45 41.25 43.9926 41.25 42.75V42H42C43.6568 42 45 40.6569 45 39V30C45 28.3431 43.6568 27 42 27ZM33.75 11.25C33.75 10.8358 34.0858 10.5 34.5 10.5C34.9142 10.5 35.25 10.8358 35.25 11.25V20.25H33.75V11.25ZM33 21.75H36V27H33V21.75ZM9.75 11.25C9.75 10.8358 10.0858 10.5 10.5 10.5C10.9142 10.5 11.25 10.8358 11.25 11.25V20.25H9.75V11.25ZM9 21.75H12V27H9V21.75ZM11.25 42.75C11.25 43.1642 10.9142 43.5 10.5 43.5H6C5.58579 43.5 5.25 43.1642 5.25 42.75V42H11.25V42.75ZM39.75 42.75C39.75 43.1642 39.4142 43.5 39 43.5H34.5C34.0858 43.5 33.75 43.1642 33.75 42.75V42H39.75V42.75ZM43.5 39C43.5 39.8284 42.8284 40.5 42 40.5H3C2.17157 40.5 1.5 39.8284 1.5 39V30C1.5 29.1716 2.17157 28.5 3 28.5H42C42.8284 28.5 43.5 29.1716 43.5 30V39Z\"><\/path><path id=\"Shape_2\" d=\"M16.5 37.5H15C14.5858 37.5 14.25 37.8358 14.25 38.25C14.25 38.6642 14.5858 39 15 39H16.5C16.9142 39 17.25 38.6642 17.25 38.25C17.25 37.8358 16.9142 37.5 16.5 37.5Z\"><\/path><path id=\"Shape_3\" d=\"M21 37.5H19.5C19.0858 37.5 18.75 37.8358 18.75 38.25C18.75 38.6642 19.0858 39 19.5 39H21C21.4142 39 21.75 38.6642 21.75 38.25C21.75 37.8358 21.4142 37.5 21 37.5Z\"><\/path><path id=\"Shape_4\" d=\"M25.5 37.5H24C23.5858 37.5 23.25 37.8358 23.25 38.25C23.25 38.6642 23.5858 39 24 39H25.5C25.9142 39 26.25 38.6642 26.25 38.25C26.25 37.8358 25.9142 37.5 25.5 37.5Z\"><\/path><path id=\"Shape_5\" d=\"M30 37.5H28.5C28.0858 37.5 27.75 37.8358 27.75 38.25C27.75 38.6642 28.0858 39 28.5 39H30C30.4142 39 30.75 38.6642 30.75 38.25C30.75 37.8358 30.4142 37.5 30 37.5Z\"><\/path><path id=\"Shape_6\" d=\"M7.5 30C6.25736 30 5.25 31.0074 5.25 32.25C5.25 33.4926 6.25736 34.5 7.5 34.5C8.74264 34.5 9.75 33.4926 9.75 32.25C9.75 31.0074 8.74264 30 7.5 30ZM7.5 33C7.08579 33 6.75 32.6642 6.75 32.25C6.75 31.8358 7.08579 31.5 7.5 31.5C7.91421 31.5 8.25 31.8358 8.25 32.25C8.25 32.6642 7.91421 33 7.5 33Z\"><\/path><path id=\"Shape_7\" d=\"M15.75 32.25C15.75 31.0074 14.7426 30 13.5 30C12.2574 30 11.25 31.0074 11.25 32.25C11.25 33.4926 12.2574 34.5 13.5 34.5C14.7426 34.5 15.75 33.4926 15.75 32.25ZM13.5 33C13.0858 33 12.75 32.6642 12.75 32.25C12.75 31.8358 13.0858 31.5 13.5 31.5C13.9142 31.5 14.25 31.8358 14.25 32.25C14.25 32.6642 13.9142 33 13.5 33Z\"><\/path><path id=\"Shape_8\" d=\"M19.5 30C18.2574 30 17.25 31.0074 17.25 32.25C17.25 33.4926 18.2574 34.5 19.5 34.5C20.7426 34.5 21.75 33.4926 21.75 32.25C21.75 31.0074 20.7426 30 19.5 30ZM19.5 33C19.0858 33 18.75 32.6642 18.75 32.25C18.75 31.8358 19.0858 31.5 19.5 31.5C19.9142 31.5 20.25 31.8358 20.25 32.25C20.25 32.6642 19.9142 33 19.5 33Z\"><\/path><path id=\"Shape_9\" d=\"M25.5 30C24.2574 30 23.25 31.0074 23.25 32.25C23.25 33.4926 24.2574 34.5 25.5 34.5C26.7426 34.5 27.75 33.4926 27.75 32.25C27.75 31.0074 26.7426 30 25.5 30ZM25.5 33C25.0858 33 24.75 32.6642 24.75 32.25C24.75 31.8358 25.0858 31.5 25.5 31.5C25.9142 31.5 26.25 31.8358 26.25 32.25C26.25 32.6642 25.9142 33 25.5 33Z\"><\/path><path id=\"Shape_10\" d=\"M31.5 30C30.2574 30 29.25 31.0074 29.25 32.25C29.25 33.4926 30.2574 34.5 31.5 34.5C32.7426 34.5 33.75 33.4926 33.75 32.25C33.75 31.0074 32.7426 30 31.5 30ZM31.5 33C31.0858 33 30.75 32.6642 30.75 32.25C30.75 31.8358 31.0858 31.5 31.5 31.5C31.9142 31.5 32.25 31.8358 32.25 32.25C32.25 32.6642 31.9142 33 31.5 33Z\"><\/path><path id=\"Shape_11\" d=\"M37.5 30C36.2574 30 35.25 31.0074 35.25 32.25C35.25 33.4926 36.2574 34.5 37.5 34.5C38.7426 34.5 39.75 33.4926 39.75 32.25C39.75 31.0074 38.7426 30 37.5 30ZM37.5 33C37.0858 33 36.75 32.6642 36.75 32.25C36.75 31.8358 37.0858 31.5 37.5 31.5C37.9142 31.5 38.25 31.8358 38.25 32.25C38.25 32.6642 37.9142 33 37.5 33Z\"><\/path><path id=\"Shape_12\" d=\"M33 0C28.0317 0.00537364 24.0054 4.03166 24 9C24 9.41421 24.3358 9.75 24.75 9.75C25.1642 9.75 25.5 9.41421 25.5 9C25.5045 4.85975 28.8597 1.50455 33 1.5C33.4142 1.5 33.75 1.16421 33.75 0.75C33.75 0.335786 33.4142 0 33 0Z\"><\/path><path id=\"Shape_13\" d=\"M33 3C29.6878 3.00372 27.0037 5.68783 27 9C27 9.41421 27.3358 9.75 27.75 9.75C28.1642 9.75 28.5 9.41421 28.5 9C28.5025 6.51575 30.5157 4.50248 33 4.5C33.4142 4.5 33.75 4.16421 33.75 3.75C33.75 3.33579 33.4142 3 33 3Z\"><\/path><path id=\"Shape_14\" d=\"M33 6C31.3431 6 30 7.34315 30 9C30 9.41421 30.3358 9.75 30.75 9.75C31.1642 9.75 31.5 9.41421 31.5 9C31.5 8.17157 32.1716 7.5 33 7.5C33.4142 7.5 33.75 7.16421 33.75 6.75C33.75 6.33579 33.4142 6 33 6Z\"><\/path><path id=\"Shape_15\" d=\"M36 0C35.5858 0 35.25 0.335786 35.25 0.75C35.25 1.16421 35.5858 1.5 36 1.5C40.1403 1.50455 43.4955 4.85975 43.5 9C43.5 9.41421 43.8358 9.75 44.25 9.75C44.6642 9.75 45 9.41421 45 9C44.9946 4.03166 40.9683 0.00537364 36 0Z\"><\/path><path id=\"Shape_16\" d=\"M36 4.5C38.4843 4.50248 40.4975 6.51575 40.5 9C40.5 9.41421 40.8358 9.75 41.25 9.75C41.6642 9.75 42 9.41421 42 9C41.9963 5.68783 39.3122 3.00372 36 3C35.5858 3 35.25 3.33579 35.25 3.75C35.25 4.16421 35.5858 4.5 36 4.5Z\"><\/path><path id=\"Shape_17\" d=\"M36 7.5C36.8284 7.5 37.5 8.17157 37.5 9C37.5 9.41421 37.8358 9.75 38.25 9.75C38.6642 9.75 39 9.41421 39 9C39 7.34315 37.6569 6 36 6C35.5858 6 35.25 6.33579 35.25 6.75C35.25 7.16421 35.5858 7.5 36 7.5Z\"><\/path><path id=\"Shape_18\" d=\"M9 0C4.03166 0.00537364 0.00537364 4.03166 0 9C0 9.41421 0.335786 9.75 0.75 9.75C1.16421 9.75 1.5 9.41421 1.5 9C1.50455 4.85975 4.85975 1.50455 9 1.5C9.41421 1.5 9.75 1.16421 9.75 0.75C9.75 0.335786 9.41421 0 9 0Z\"><\/path><path id=\"Shape_19\" d=\"M9 3C5.68783 3.00372 3.00372 5.68783 3 9C3 9.41421 3.33579 9.75 3.75 9.75C4.16421 9.75 4.5 9.41421 4.5 9C4.50248 6.51575 6.51575 4.50248 9 4.5C9.41421 4.5 9.75 4.16421 9.75 3.75C9.75 3.33579 9.41421 3 9 3Z\"><\/path><path id=\"Shape_20\" d=\"M9 6C7.34315 6 6 7.34315 6 9C6 9.41421 6.33579 9.75 6.75 9.75C7.16421 9.75 7.5 9.41421 7.5 9C7.5 8.17157 8.17157 7.5 9 7.5C9.41421 7.5 9.75 7.16421 9.75 6.75C9.75 6.33579 9.41421 6 9 6Z\"><\/path><path id=\"Shape_21\" d=\"M12 1.5C16.1403 1.50455 19.4955 4.85975 19.5 9C19.5 9.41421 19.8358 9.75 20.25 9.75C20.6642 9.75 21 9.41421 21 9C20.9946 4.03166 16.9683 0.00537364 12 0C11.5858 0 11.25 0.335786 11.25 0.75C11.25 1.16421 11.5858 1.5 12 1.5Z\"><\/path><path id=\"Shape_22\" d=\"M12 4.5C14.4843 4.50248 16.4975 6.51575 16.5 9C16.5 9.41421 16.8358 9.75 17.25 9.75C17.6642 9.75 18 9.41421 18 9C17.9963 5.68783 15.3122 3.00372 12 3C11.5858 3 11.25 3.33579 11.25 3.75C11.25 4.16421 11.5858 4.5 12 4.5Z\"><\/path><path id=\"Shape_23\" d=\"M12 7.5C12.8284 7.5 13.5 8.17157 13.5 9C13.5 9.41421 13.8358 9.75 14.25 9.75C14.6642 9.75 15 9.41421 15 9C15 7.34315 13.6569 6 12 6C11.5858 6 11.25 6.33579 11.25 6.75C11.25 7.16421 11.5858 7.5 12 7.5Z\"><\/path><\/g><\/g><\/svg>                <\/div>\r\n                                    <div class=\"pxl-item--holder\">\r\n                <h5 class=\"pxl-item--title el-empty\">Nossa Miss\u00e3o<\/h5>\r\n                <div class=\"pxl-text\">\r\n                    Superar expectativas em cada conex\u00e3o, oferecendo servi\u00e7os inovadores e de alt\u00edssima qualidade que contribuem para o sucesso de quem confia na Urup\u00easNet.                <\/div>\r\n            <\/div>\r\n        <\/div>\r\n    <\/div>\r\n<\/div>\t\t\t\t<\/div>\n\t\t\t\t<\/div>\n\t\t            <\/div>\r\n        <\/div>\r\n                <div class=\"elementor-column elementor-col-33 elementor-inner-column elementor-element elementor-element-80b94d6 layout-meta2 pxl-column-none\" data-id=\"80b94d6\" data-element_type=\"column\">\r\n        <div class=\"elementor-widget-wrap elementor-element-populated\">\r\n                     \r\n        \t\t<div class=\"elementor-element elementor-element-f75b509 elementor-invisible elementor-widget elementor-widget-pxl_icon_box\" data-id=\"f75b509\" data-element_type=\"widget\" data-settings=\"{&quot;_animation&quot;:&quot;fadeIn&quot;,&quot;_animation_delay&quot;:200}\" data-widget_type=\"pxl_icon_box.default\">\n\t\t\t\t<div class=\"elementor-widget-container\">\n\t\t\t\t\t<div class=\"pxl-icon-box pxl-icon-box3  \" data-wow-delay=\"ms\">\r\n    <div class=\"pxl-item--inner\">\r\n        <div class=\"pxl-item-wrap\">\r\n                            <div class=\"pxl-item--icon\">\r\n                    <svg xmlns=\"http:\/\/www.w3.org\/2000\/svg\" width=\"45\" height=\"45\" viewBox=\"0 0 45 45\" fill=\"none\"><g id=\"005-wireless router\" clip-path=\"url(#clip0_2787_1899)\"><g id=\"Page-1\"><g id=\"005---Modem\"><path id=\"Shape\" d=\"M10.5 37.5H8.99998C8.17156 37.5 7.5 38.1716 7.5 39V40.5C7.5 41.3284 8.17156 41.9999 8.99998 41.9999H10.5C11.3284 41.9999 11.9999 41.3284 11.9999 40.5V39C11.9999 38.1716 11.3284 37.5 10.5 37.5ZM8.99998 40.5V39H10.5V40.5H8.99998Z\"><\/path><path id=\"Shape_2\" d=\"M16.5 37.5H15C14.1716 37.5 13.5 38.1716 13.5 39V40.5C13.5 41.3284 14.1716 41.9999 15 41.9999H16.5C17.3284 41.9999 17.9999 41.3284 17.9999 40.5V39C17.9999 38.1716 17.3284 37.5 16.5 37.5ZM15 40.5V39H16.5V40.5H15Z\"><\/path><path id=\"Shape_3\" d=\"M22.5 37.5H21C20.1716 37.5 19.5 38.1716 19.5 39V40.5C19.5 41.3284 20.1716 41.9999 21 41.9999H22.5C23.3284 41.9999 23.9999 41.3284 23.9999 40.5V39C23.9999 38.1716 23.3284 37.5 22.5 37.5ZM21 40.5V39H22.5V40.5H21Z\"><\/path><path id=\"Shape_4\" d=\"M28.5 37.5H27C26.1716 37.5 25.5 38.1716 25.5 39V40.5C25.5 41.3284 26.1716 41.9999 27 41.9999H28.5C29.3284 41.9999 29.9999 41.3284 29.9999 40.5V39C29.9999 38.1716 29.3284 37.5 28.5 37.5ZM27 40.5V39H28.5V40.5H27Z\"><\/path><path id=\"Shape_5\" d=\"M16.5 22.5H20.9999C21.4141 22.5 21.7499 22.1642 21.7499 21.75C21.7499 21.3358 21.4141 21 20.9999 21H16.5C16.0858 21 15.75 21.3358 15.75 21.75C15.75 22.1642 16.0858 22.5 16.5 22.5Z\"><\/path><path id=\"Shape_6\" d=\"M20.25 24C20.25 23.5858 19.9142 23.25 19.5 23.25H18C17.5858 23.25 17.25 23.5858 17.25 24C17.25 24.4142 17.5858 24.75 18 24.75H19.5C19.9142 24.75 20.25 24.4142 20.25 24Z\"><\/path><path id=\"Shape_7\" d=\"M42.04 7.3385e-05H41.959C40.7341 -0.00973045 39.7273 0.963988 39.6963 2.18855L39.1623 21.7498H37.4995C37.4971 19.6798 35.8196 18.0023 33.7496 17.9999H3.74995C1.67994 18.0023 0.00247956 19.6798 0 21.7498V41.2496C0.00247956 43.3196 1.67994 44.997 3.74995 44.9995H33.7496C35.8196 44.997 37.4971 43.3196 37.4995 41.2496V27.7497H38.9995C38.9995 28.1482 39.1581 28.5303 39.4402 28.8117C39.7223 29.0931 40.1048 29.2507 40.5033 29.2497H43.4897C43.8963 29.2525 44.2867 29.0901 44.5713 28.7997C44.8559 28.5093 45.0104 28.1157 44.9995 27.7092L44.3027 2.1893C44.2721 0.964444 43.2652 -0.00972242 42.04 7.3385e-05ZM35.9996 41.2496C35.9996 42.4922 34.9922 43.4995 33.7496 43.4995H3.74995C2.50733 43.4995 1.49998 42.4922 1.49998 41.2496V21.7498C1.49998 20.5072 2.50733 19.4998 3.74995 19.4998H33.7496C34.9922 19.4998 35.9996 20.5072 35.9996 21.7498V41.2496ZM37.4995 23.2498H39.121L39.0393 26.2498H37.4995V23.2498ZM40.4995 27.7497L41.1962 2.2298C41.2073 1.81851 41.5476 1.49291 41.959 1.50005H42.04C42.4514 1.49291 42.7917 1.81851 42.8027 2.2298L43.4927 27.7497H40.4995Z\"><\/path><path id=\"Shape_8\" d=\"M8.08813 9.12693C10.6456 5.89121 14.5431 4.00377 18.6675 4.00377C22.7919 4.00377 26.6894 5.89121 29.2469 9.12693C29.5071 9.44082 29.9705 9.48926 30.2901 9.23598C30.6096 8.98269 30.6683 8.52051 30.4221 8.19544C27.5801 4.60068 23.2496 2.50391 18.6671 2.50391C14.0847 2.50391 9.75409 4.60068 6.91214 8.19544C6.65492 8.52018 6.70965 8.99195 7.03439 9.24917C7.35913 9.5064 7.8309 9.45167 8.08813 9.12693Z\"><\/path><path id=\"Shape_9\" d=\"M25.7264 11.9199C25.8926 12.1313 26.1592 12.2376 26.4252 12.1985C26.6912 12.1594 26.9159 11.9809 27.0142 11.7306C27.1125 11.4803 27.0692 11.1966 26.9009 10.9869C24.9093 8.47338 21.8782 7.00781 18.6713 7.00781C15.4643 7.00781 12.4332 8.47338 10.4416 10.9869C10.1866 11.3114 10.2416 11.7809 10.5648 12.0376C10.8879 12.2943 11.3577 12.2417 11.6161 11.9199C13.3231 9.76457 15.9218 8.50776 18.6713 8.50776C21.4207 8.50776 24.0194 9.76457 25.7264 11.9199Z\"><\/path><path id=\"Shape_10\" d=\"M18.6683 11.504C16.833 11.4968 15.0976 12.3394 13.9682 13.7862C13.7126 14.1128 13.7702 14.5847 14.0968 14.8403C14.4234 15.0959 14.8953 15.0383 15.1509 14.7117C16.0006 13.6334 17.2977 13.0041 18.6706 13.0041C20.0435 13.0041 21.3406 13.6334 22.1903 14.7117C22.3556 14.9225 22.6209 15.0292 22.8862 14.9915C23.1515 14.9537 23.3765 14.7773 23.4764 14.5287C23.5764 14.2801 23.5361 13.9971 23.3708 13.7862C22.2409 12.3388 20.5045 11.4961 18.6683 11.504Z\"><\/path><\/g><\/g><\/g><defs><clipPath id=\"clip0_2787_1899\"><rect width=\"45\" height=\"45\"><\/rect><\/clipPath><\/defs><\/svg>                <\/div>\r\n                                    <div class=\"pxl-item--holder\">\r\n                <h5 class=\"pxl-item--title el-empty\">Nossa Vis\u00e3o<\/h5>\r\n                <div class=\"pxl-text\">\r\n                    Ser reconhecida como a provedora mais completa de solu\u00e7\u00f5es em internet de Urup\u00eas, destacando-se pelo atendimento diferenciado e pelo compromisso com cada cliente.                <\/div>\r\n            <\/div>\r\n        <\/div>\r\n    <\/div>\r\n<\/div>\t\t\t\t<\/div>\n\t\t\t\t<\/div>\n\t\t            <\/div>\r\n        <\/div>\r\n                <div class=\"elementor-column elementor-col-33 elementor-inner-column elementor-element elementor-element-d16f174 layout-meta2 pxl-column-none\" data-id=\"d16f174\" data-element_type=\"column\">\r\n        <div class=\"elementor-widget-wrap elementor-element-populated\">\r\n                     \r\n        \t\t<div class=\"elementor-element elementor-element-2944659 elementor-invisible elementor-widget elementor-widget-pxl_icon_box\" data-id=\"2944659\" data-element_type=\"widget\" data-settings=\"{&quot;_animation&quot;:&quot;fadeIn&quot;,&quot;_animation_delay&quot;:200}\" data-widget_type=\"pxl_icon_box.default\">\n\t\t\t\t<div class=\"elementor-widget-container\">\n\t\t\t\t\t<div class=\"pxl-icon-box pxl-icon-box3  \" data-wow-delay=\"ms\">\r\n    <div class=\"pxl-item--inner\">\r\n        <div class=\"pxl-item-wrap\">\r\n                            <div class=\"pxl-item--icon\">\r\n                    <svg xmlns=\"http:\/\/www.w3.org\/2000\/svg\" width=\"45\" height=\"45\" viewBox=\"0 0 45 45\" fill=\"none\"><g id=\"005-wireless router\" clip-path=\"url(#clip0_2787_1899)\"><g id=\"Page-1\"><g id=\"005---Modem\"><path id=\"Shape\" d=\"M10.5 37.5H8.99998C8.17156 37.5 7.5 38.1716 7.5 39V40.5C7.5 41.3284 8.17156 41.9999 8.99998 41.9999H10.5C11.3284 41.9999 11.9999 41.3284 11.9999 40.5V39C11.9999 38.1716 11.3284 37.5 10.5 37.5ZM8.99998 40.5V39H10.5V40.5H8.99998Z\"><\/path><path id=\"Shape_2\" d=\"M16.5 37.5H15C14.1716 37.5 13.5 38.1716 13.5 39V40.5C13.5 41.3284 14.1716 41.9999 15 41.9999H16.5C17.3284 41.9999 17.9999 41.3284 17.9999 40.5V39C17.9999 38.1716 17.3284 37.5 16.5 37.5ZM15 40.5V39H16.5V40.5H15Z\"><\/path><path id=\"Shape_3\" d=\"M22.5 37.5H21C20.1716 37.5 19.5 38.1716 19.5 39V40.5C19.5 41.3284 20.1716 41.9999 21 41.9999H22.5C23.3284 41.9999 23.9999 41.3284 23.9999 40.5V39C23.9999 38.1716 23.3284 37.5 22.5 37.5ZM21 40.5V39H22.5V40.5H21Z\"><\/path><path id=\"Shape_4\" d=\"M28.5 37.5H27C26.1716 37.5 25.5 38.1716 25.5 39V40.5C25.5 41.3284 26.1716 41.9999 27 41.9999H28.5C29.3284 41.9999 29.9999 41.3284 29.9999 40.5V39C29.9999 38.1716 29.3284 37.5 28.5 37.5ZM27 40.5V39H28.5V40.5H27Z\"><\/path><path id=\"Shape_5\" d=\"M16.5 22.5H20.9999C21.4141 22.5 21.7499 22.1642 21.7499 21.75C21.7499 21.3358 21.4141 21 20.9999 21H16.5C16.0858 21 15.75 21.3358 15.75 21.75C15.75 22.1642 16.0858 22.5 16.5 22.5Z\"><\/path><path id=\"Shape_6\" d=\"M20.25 24C20.25 23.5858 19.9142 23.25 19.5 23.25H18C17.5858 23.25 17.25 23.5858 17.25 24C17.25 24.4142 17.5858 24.75 18 24.75H19.5C19.9142 24.75 20.25 24.4142 20.25 24Z\"><\/path><path id=\"Shape_7\" d=\"M42.04 7.3385e-05H41.959C40.7341 -0.00973045 39.7273 0.963988 39.6963 2.18855L39.1623 21.7498H37.4995C37.4971 19.6798 35.8196 18.0023 33.7496 17.9999H3.74995C1.67994 18.0023 0.00247956 19.6798 0 21.7498V41.2496C0.00247956 43.3196 1.67994 44.997 3.74995 44.9995H33.7496C35.8196 44.997 37.4971 43.3196 37.4995 41.2496V27.7497H38.9995C38.9995 28.1482 39.1581 28.5303 39.4402 28.8117C39.7223 29.0931 40.1048 29.2507 40.5033 29.2497H43.4897C43.8963 29.2525 44.2867 29.0901 44.5713 28.7997C44.8559 28.5093 45.0104 28.1157 44.9995 27.7092L44.3027 2.1893C44.2721 0.964444 43.2652 -0.00972242 42.04 7.3385e-05ZM35.9996 41.2496C35.9996 42.4922 34.9922 43.4995 33.7496 43.4995H3.74995C2.50733 43.4995 1.49998 42.4922 1.49998 41.2496V21.7498C1.49998 20.5072 2.50733 19.4998 3.74995 19.4998H33.7496C34.9922 19.4998 35.9996 20.5072 35.9996 21.7498V41.2496ZM37.4995 23.2498H39.121L39.0393 26.2498H37.4995V23.2498ZM40.4995 27.7497L41.1962 2.2298C41.2073 1.81851 41.5476 1.49291 41.959 1.50005H42.04C42.4514 1.49291 42.7917 1.81851 42.8027 2.2298L43.4927 27.7497H40.4995Z\"><\/path><path id=\"Shape_8\" d=\"M8.08813 9.12693C10.6456 5.89121 14.5431 4.00377 18.6675 4.00377C22.7919 4.00377 26.6894 5.89121 29.2469 9.12693C29.5071 9.44082 29.9705 9.48926 30.2901 9.23598C30.6096 8.98269 30.6683 8.52051 30.4221 8.19544C27.5801 4.60068 23.2496 2.50391 18.6671 2.50391C14.0847 2.50391 9.75409 4.60068 6.91214 8.19544C6.65492 8.52018 6.70965 8.99195 7.03439 9.24917C7.35913 9.5064 7.8309 9.45167 8.08813 9.12693Z\"><\/path><path id=\"Shape_9\" d=\"M25.7264 11.9199C25.8926 12.1313 26.1592 12.2376 26.4252 12.1985C26.6912 12.1594 26.9159 11.9809 27.0142 11.7306C27.1125 11.4803 27.0692 11.1966 26.9009 10.9869C24.9093 8.47338 21.8782 7.00781 18.6713 7.00781C15.4643 7.00781 12.4332 8.47338 10.4416 10.9869C10.1866 11.3114 10.2416 11.7809 10.5648 12.0376C10.8879 12.2943 11.3577 12.2417 11.6161 11.9199C13.3231 9.76457 15.9218 8.50776 18.6713 8.50776C21.4207 8.50776 24.0194 9.76457 25.7264 11.9199Z\"><\/path><path id=\"Shape_10\" d=\"M18.6683 11.504C16.833 11.4968 15.0976 12.3394 13.9682 13.7862C13.7126 14.1128 13.7702 14.5847 14.0968 14.8403C14.4234 15.0959 14.8953 15.0383 15.1509 14.7117C16.0006 13.6334 17.2977 13.0041 18.6706 13.0041C20.0435 13.0041 21.3406 13.6334 22.1903 14.7117C22.3556 14.9225 22.6209 15.0292 22.8862 14.9915C23.1515 14.9537 23.3765 14.7773 23.4764 14.5287C23.5764 14.2801 23.5361 13.9971 23.3708 13.7862C22.2409 12.3388 20.5045 11.4961 18.6683 11.504Z\"><\/path><\/g><\/g><\/g><defs><clipPath id=\"clip0_2787_1899\"><rect width=\"45\" height=\"45\"><\/rect><\/clipPath><\/defs><\/svg>                <\/div>\r\n                                    <div class=\"pxl-item--holder\">\r\n                <h5 class=\"pxl-item--title el-empty\">Nossos Valores<\/h5>\r\n                <div class=\"pxl-text\">\r\n                    Na Urup\u00easNet, cultivamos respeito, \u00e9tica e trabalho em equipe para entregar excel\u00eancia e superar as expectativas de cada cliente, todos os dias.                <\/div>\r\n            <\/div>\r\n        <\/div>\r\n    <\/div>\r\n<\/div>\t\t\t\t<\/div>\n\t\t\t\t<\/div>\n\t\t            <\/div>\r\n        <\/div>\r\n        \t\t\t<\/div>\n\t\t<\/section>\n\t\t        <section class=\"elementor-section elementor-inner-section elementor-element elementor-element-b9b6962 elementor-section-content-middle elementor-section-boxed elementor-section-height-default elementor-section-height-default pxl-row-scroll-none pxl-bg-color-none pxl-section-overlay-none\" data-id=\"b9b6962\" data-element_type=\"section\">\n\n                \n                <div class=\"elementor-container elementor-column-gap-extended \">\n                <div class=\"elementor-column elementor-col-100 elementor-inner-column elementor-element elementor-element-069446d pxl-column-none\" data-id=\"069446d\" data-element_type=\"column\">\r\n        <div class=\"elementor-widget-wrap\">\r\n                     \r\n                    <\/div>\r\n        <\/div>\r\n        \t\t\t<\/div>\n\t\t<\/section>\n\t\t            <\/div>\r\n        <\/div>\r\n        \t\t\t<\/div>\n\t\t<\/section>\n\t\t\t\t<\/div>\n\t\t","protected":false},"excerpt":{"rendered":"<p>Sobre n\u00f3s Conectando Hist\u00f3rias, Transformando Experi\u00eancias A Urup\u00easNet nasceu com um prop\u00f3sito claro: entregar internet de qualidade com compromisso, tecnologia e um atendimento que realmente faz a diferen\u00e7a. Desde o in\u00edcio da nossa trajet\u00f3ria, sempre buscamos ir al\u00e9m das expectativas, oferecendo solu\u00e7\u00f5es que acompanham a evolu\u00e7\u00e3o do mundo digital. Come\u00e7amos levando internet via r\u00e1dio para [&hellip;]<\/p>\n","protected":false},"author":1,"featured_media":0,"parent":0,"menu_order":0,"comment_status":"closed","ping_status":"closed","template":"","meta":{"footnotes":""},"class_list":["post-6496","page","type-page","status-publish","hentry"],"_links":{"self":[{"href":"https:\/\/urupesnet.com.br\/site\/wp-json\/wp\/v2\/pages\/6496","targetHints":{"allow":["GET"]}}],"collection":[{"href":"https:\/\/urupesnet.com.br\/site\/wp-json\/wp\/v2\/pages"}],"about":[{"href":"https:\/\/urupesnet.com.br\/site\/wp-json\/wp\/v2\/types\/page"}],"author":[{"embeddable":true,"href":"https:\/\/urupesnet.com.br\/site\/wp-json\/wp\/v2\/users\/1"}],"replies":[{"embeddable":true,"href":"https:\/\/urupesnet.com.br\/site\/wp-json\/wp\/v2\/comments?post=6496"}],"version-history":[{"count":23,"href":"https:\/\/urupesnet.com.br\/site\/wp-json\/wp\/v2\/pages\/6496\/revisions"}],"predecessor-version":[{"id":6898,"href":"https:\/\/urupesnet.com.br\/site\/wp-json\/wp\/v2\/pages\/6496\/revisions\/6898"}],"wp:attachment":[{"href":"https:\/\/urupesnet.com.br\/site\/wp-json\/wp\/v2\/media?parent=6496"}],"curies":[{"name":"wp","href":"https:\/\/api.w.org\/{rel}","templated":true}]}}