{"id":42,"date":"2023-07-05T08:29:54","date_gmt":"2023-07-05T08:29:54","guid":{"rendered":"https:\/\/demo.bravisthemes.com\/nestnet\/?page_id=42"},"modified":"2026-01-27T08:23:51","modified_gmt":"2026-01-27T11:23:51","slug":"contato","status":"publish","type":"page","link":"https:\/\/urupesnet.com.br\/site\/contato\/","title":{"rendered":"Contato"},"content":{"rendered":"\t\t<div data-elementor-type=\"wp-page\" data-elementor-id=\"42\" class=\"elementor elementor-42\">\n\t\t\t\t        <section class=\"elementor-section elementor-top-section elementor-element elementor-element-fab839d elementor-section-stretched elementor-section-boxed elementor-section-height-default elementor-section-height-default pxl-row-scroll-none pxl-bg-color-none pxl-section-overlay-none\" data-id=\"fab839d\" data-element_type=\"section\" data-settings=\"{&quot;stretch_section&quot;:&quot;section-stretched&quot;}\">\n\n                \n                <div class=\"elementor-container elementor-column-gap-extended \">\n                <div class=\"elementor-column elementor-col-33 elementor-top-column elementor-element elementor-element-d65bc1f pxl-column-none\" data-id=\"d65bc1f\" data-element_type=\"column\">\r\n        <div class=\"elementor-widget-wrap elementor-element-populated\">\r\n                     \r\n        \t\t<div class=\"elementor-element elementor-element-0471d4c elementor-invisible elementor-widget elementor-widget-pxl_icon_box\" data-id=\"0471d4c\" data-element_type=\"widget\" data-settings=\"{&quot;_animation&quot;:&quot;fadeIn&quot;,&quot;_animation_delay&quot;:100}\" data-widget_type=\"pxl_icon_box.default\">\n\t\t\t\t<div class=\"elementor-widget-container\">\n\t\t\t\t\t<div class=\"pxl-icon-box pxl-icon-box1 style-1 \" data-wow-delay=\"ms\">\r\n    <div class=\"pxl-item--inner\">\r\n        <div class=\"pxl-item-wrap\">\r\n                            <div class=\"pxl-item--icon\">\r\n                    <i aria-hidden=\"true\" class=\"flaticon flaticon-maps-and-flags\"><\/i>                <\/div>\r\n                                    <div class=\"pxl-item--holder\">\r\n                <h5 class=\"pxl-item--title el-empty\">Endere\u00e7o<\/h5>\r\n                <ul class=\"pxl-link-text\">\r\n                    <li class=\"pxl-item--text1 text\">\r\n                        <a href=\"#\">\r\n                           Rua Sim\u00e3o Gon\u00e7alves Pereira, 155, Jaguar\u00e9, Urup\u00eas, SP, CEP 15852-013                        <\/a>\r\n                    <\/li>\r\n                    <li class=\"pxl-item--text2 text\">\r\n                        <a >\r\n                                                    <\/a>\r\n                    <\/li>\r\n                <\/ul>\r\n            <\/div>\r\n        <\/div>\r\n    <\/div>\r\n<\/div>\t\t\t\t<\/div>\n\t\t\t\t<\/div>\n\t\t            <\/div>\r\n        <\/div>\r\n                <div class=\"elementor-column elementor-col-33 elementor-top-column elementor-element elementor-element-6732990 pxl-column-none\" data-id=\"6732990\" data-element_type=\"column\">\r\n        <div class=\"elementor-widget-wrap elementor-element-populated\">\r\n                     \r\n        \t\t<div class=\"elementor-element elementor-element-f96c246 elementor-invisible elementor-widget elementor-widget-pxl_icon_box\" data-id=\"f96c246\" data-element_type=\"widget\" data-settings=\"{&quot;_animation&quot;:&quot;fadeIn&quot;,&quot;_animation_delay&quot;:200}\" data-widget_type=\"pxl_icon_box.default\">\n\t\t\t\t<div class=\"elementor-widget-container\">\n\t\t\t\t\t<div class=\"pxl-icon-box pxl-icon-box1 style-1 \" data-wow-delay=\"ms\">\r\n    <div class=\"pxl-item--inner\">\r\n        <div class=\"pxl-item-wrap\">\r\n                            <div class=\"pxl-item--icon\">\r\n                    <i aria-hidden=\"true\" class=\"flaticon flaticon-phone-call-button\"><\/i>                <\/div>\r\n                                    <div class=\"pxl-item--holder\">\r\n                <h5 class=\"pxl-item--title el-empty\">Telefone<\/h5>\r\n                <ul class=\"pxl-link-text\">\r\n                    <li class=\"pxl-item--text1 text\">\r\n                        <a href=\"tel:08007401414\">\r\n                           0800 740 1414                        <\/a>\r\n                    <\/li>\r\n                    <li class=\"pxl-item--text2 text\">\r\n                        <a href=\"tel:01735521471\">\r\n                            (17) 3552-1471                        <\/a>\r\n                    <\/li>\r\n                <\/ul>\r\n            <\/div>\r\n        <\/div>\r\n    <\/div>\r\n<\/div>\t\t\t\t<\/div>\n\t\t\t\t<\/div>\n\t\t            <\/div>\r\n        <\/div>\r\n                <div class=\"elementor-column elementor-col-33 elementor-top-column elementor-element elementor-element-89a717f pxl-column-none\" data-id=\"89a717f\" data-element_type=\"column\">\r\n        <div class=\"elementor-widget-wrap elementor-element-populated\">\r\n                     \r\n        \t\t<div class=\"elementor-element elementor-element-55c49d8 elementor-invisible elementor-widget elementor-widget-pxl_icon_box\" data-id=\"55c49d8\" data-element_type=\"widget\" data-settings=\"{&quot;_animation&quot;:&quot;fadeIn&quot;,&quot;_animation_delay&quot;:300}\" data-widget_type=\"pxl_icon_box.default\">\n\t\t\t\t<div class=\"elementor-widget-container\">\n\t\t\t\t\t<div class=\"pxl-icon-box pxl-icon-box1 style-1 \" data-wow-delay=\"ms\">\r\n    <div class=\"pxl-item--inner\">\r\n        <div class=\"pxl-item-wrap\">\r\n                            <div class=\"pxl-item--icon\">\r\n                    <i aria-hidden=\"true\" class=\"flaticon flaticon-mail\"><\/i>                <\/div>\r\n                                    <div class=\"pxl-item--holder\">\r\n                <h5 class=\"pxl-item--title el-empty\">E-mail<\/h5>\r\n                <ul class=\"pxl-link-text\">\r\n                    <li class=\"pxl-item--text1 text\">\r\n                        <a href=\"mailto:contato@urupesnet.com.br\">\r\n                           contato@urupesnet.com.br                        <\/a>\r\n                    <\/li>\r\n                    <li class=\"pxl-item--text2 text\">\r\n                        <a href=\"mailto:suporte@urupesnet.com.br\">\r\n                            suporte@urupesnet.com.br                        <\/a>\r\n                    <\/li>\r\n                <\/ul>\r\n            <\/div>\r\n        <\/div>\r\n    <\/div>\r\n<\/div>\t\t\t\t<\/div>\n\t\t\t\t<\/div>\n\t\t            <\/div>\r\n        <\/div>\r\n        \t\t\t<\/div>\n\t\t<\/section>\n\t\t        <section class=\"elementor-section elementor-top-section elementor-element elementor-element-b3fe8db elementor-section-stretched elementor-section-boxed elementor-section-height-default elementor-section-height-default pxl-row-scroll-none pxl-bg-color-none pxl-section-overlay-none\" data-id=\"b3fe8db\" data-element_type=\"section\" data-settings=\"{&quot;stretch_section&quot;:&quot;section-stretched&quot;,&quot;background_background&quot;:&quot;classic&quot;}\">\n\n                \n                <div class=\"elementor-container elementor-column-gap-extended \">\n                <div class=\"elementor-column elementor-col-100 elementor-top-column elementor-element elementor-element-0e5ee61 pxl-column-none\" data-id=\"0e5ee61\" data-element_type=\"column\">\r\n        <div class=\"elementor-widget-wrap elementor-element-populated\">\r\n                     \r\n        \t\t<div class=\"elementor-element elementor-element-13878a7 elementor-widget elementor-widget-pxl_heading\" data-id=\"13878a7\" data-element_type=\"widget\" data-widget_type=\"pxl_heading.default\">\n\t\t\t\t<div class=\"elementor-widget-container\">\n\t\t\t\t\t<div id=\"pxl-pxl_heading-13878a7-8231\" class=\"pxl-heading px-sub-title-default-style\">\n\t<div class=\"pxl-heading--inner\">\n\t\t\n\t\t\t\t\t<div class=\"pxl-item--subtitle px-sub-title-default wow bounceIn\" data-wow-delay=\"100ms\">\n\t\t\t\t\t\t\t\t<span class=\"pxl-item--subtext\">\n\t\t\t\t\tEstamos prontos para te atender\t\t\t\t<\/span>\n\t\t\t<\/div>\n\t\t\n\t\t<h3 class=\"pxl-item--title \" data-wow-delay=\"200ms\">\n\t\t\t\t\t\t\t\t<span class=\"pxl-item--text\">\n\t\t\t            <span class=\"pxl-text--slide\"><span class=\"wow letter\">Envie<\/span><\/span> <span class=\"pxl-text--slide\"><span class=\"wow letter\">uma<\/span><\/span> <span class=\"pxl-text--slide\"><span class=\"wow letter\">mensagem<\/span><\/span>\t\t\t        <\/span>\n\t\t\t\t\t\t\n\t\t<\/h3>\n\n\t\t\n\t\t\n\t\t\t\t\n\t<\/div>\n<\/div>\t\t\t\t<\/div>\n\t\t\t\t<\/div>\n\t\t\t\t<div class=\"elementor-element elementor-element-bfe3725 elementor-invisible elementor-widget elementor-widget-pxl_contact_form\" data-id=\"bfe3725\" data-element_type=\"widget\" data-settings=\"{&quot;_animation&quot;:&quot;fadeIn&quot;}\" data-widget_type=\"pxl_contact_form.default\">\n\t\t\t\t<div class=\"elementor-widget-container\">\n\t\t\t\t\t    <div class=\"pxl-contact-form pxl-contact-form1 notice-style1 box-style-none btn-w-auto \" data-wow-delay=\"ms\">\r\n                \n<div class=\"wpcf7 no-js\" id=\"wpcf7-f407-o1\" lang=\"en-US\" dir=\"ltr\" data-wpcf7-id=\"407\">\n<div class=\"screen-reader-response\"><p role=\"status\" aria-live=\"polite\" aria-atomic=\"true\"><\/p> <ul><\/ul><\/div>\n<form action=\"\/site\/wp-json\/wp\/v2\/pages\/42#wpcf7-f407-o1\" method=\"post\" class=\"wpcf7-form init\" aria-label=\"Contact form\" novalidate=\"novalidate\" data-status=\"init\">\n<div style=\"display: none;\">\n<input type=\"hidden\" name=\"_wpcf7\" value=\"407\" \/>\n<input type=\"hidden\" name=\"_wpcf7_version\" value=\"6.0.6\" \/>\n<input type=\"hidden\" name=\"_wpcf7_locale\" value=\"en_US\" \/>\n<input type=\"hidden\" name=\"_wpcf7_unit_tag\" value=\"wpcf7-f407-o1\" \/>\n<input type=\"hidden\" name=\"_wpcf7_container_post\" value=\"0\" \/>\n<input type=\"hidden\" name=\"_wpcf7_posted_data_hash\" value=\"\" \/>\n<\/div>\n<div class=\"contact2\">\n\t<div class=\"offset\">\n\t\t<div class=\"row input-contact\">\n\t\t\t<div class=\"col-xl-3\">\n\t\t\t\t<div class=\"input-filled\">\n\t\t\t\t\t<p><span class=\"wpcf7-form-control-wrap\" data-name=\"text-707\"><input size=\"40\" maxlength=\"400\" class=\"wpcf7-form-control wpcf7-text wpcf7-validates-as-required\" aria-required=\"true\" aria-invalid=\"false\" placeholder=\"Nome\" value=\"\" type=\"text\" name=\"text-707\" \/><\/span>\n\t\t\t\t\t<\/p>\n\t\t\t\t<\/div>\n\t\t\t<\/div>\n\t\t\t<div class=\"col-xl-3\">\n\t\t\t\t<div class=\"input-filled\">\n\t\t\t\t\t<p><span class=\"wpcf7-form-control-wrap\" data-name=\"email-761\"><input size=\"40\" maxlength=\"400\" class=\"wpcf7-form-control wpcf7-email wpcf7-validates-as-required wpcf7-text wpcf7-validates-as-email\" aria-required=\"true\" aria-invalid=\"false\" placeholder=\"Email\" value=\"\" type=\"email\" name=\"email-761\" \/><\/span>\n\t\t\t\t\t<\/p>\n\t\t\t\t<\/div>\n\t\t\t<\/div>\n\t\t\t<div class=\"col-xl-3\">\n\t\t\t\t<div class=\"input-filled\">\n\t\t\t\t\t<p><span class=\"wpcf7-form-control-wrap\" data-name=\"tel-733\"><input size=\"40\" maxlength=\"400\" class=\"wpcf7-form-control wpcf7-tel wpcf7-validates-as-required wpcf7-text wpcf7-validates-as-tel\" aria-required=\"true\" aria-invalid=\"false\" placeholder=\"Celular\" value=\"\" type=\"tel\" name=\"tel-733\" \/><\/span>\n\t\t\t\t\t<\/p>\n\t\t\t\t<\/div>\n\t\t\t<\/div>\n\t\t\t<div class=\"col-xl-3\">\n\t\t\t\t<div class=\"input-filled\">\n\t\t\t\t\t<p><span class=\"wpcf7-form-control-wrap\" data-name=\"text-922\"><input size=\"40\" maxlength=\"400\" class=\"wpcf7-form-control wpcf7-text wpcf7-validates-as-required\" aria-required=\"true\" aria-invalid=\"false\" placeholder=\"Assunto\" value=\"\" type=\"text\" name=\"text-922\" \/><\/span>\n\t\t\t\t\t<\/p>\n\t\t\t\t<\/div>\n\t\t\t<\/div>\n\t\t<\/div>\n\t\t<div class=\"input-contact2\">\n\t\t\t<div class=\"input-filled\">\n\t\t\t\t<p><span class=\"wpcf7-form-control-wrap\" data-name=\"textarea-648\"><textarea cols=\"40\" rows=\"10\" maxlength=\"2000\" class=\"wpcf7-form-control wpcf7-textarea wpcf7-validates-as-required\" aria-required=\"true\" aria-invalid=\"false\" placeholder=\"Mensagem\" name=\"textarea-648\"><\/textarea><\/span>\n\t\t\t\t<\/p>\n\t\t\t<\/div>\n\t\t<\/div>\n\t\t<div class=\"ct-button\">\n\t\t\t<p><button class=\"btn btn-primary\" type=\"submit\" data-animation=\"pxl-xspin\">Enviar<\/button>\n\t\t\t<\/p>\n\t\t<\/div>\n\t<\/div>\n<\/div><div class=\"wpcf7-response-output\" aria-hidden=\"true\"><\/div>\n<\/form>\n<\/div>\n    <\/div>\r\n\t\t\t\t<\/div>\n\t\t\t\t<\/div>\n\t\t            <\/div>\r\n        <\/div>\r\n        \t\t\t<\/div>\n\t\t<\/section>\n\t\t        <section class=\"elementor-section elementor-top-section elementor-element elementor-element-3158c68 elementor-section-full_width elementor-section-stretched elementor-section-height-default elementor-section-height-default pxl-row-scroll-none pxl-full-content-with-space-none pxl-bg-color-none pxl-section-overlay-none\" data-id=\"3158c68\" data-element_type=\"section\" data-settings=\"{&quot;stretch_section&quot;:&quot;section-stretched&quot;}\">\n\n                \n                <div class=\"elementor-container elementor-column-gap-extended \">\n                <div class=\"elementor-column elementor-col-100 elementor-top-column elementor-element elementor-element-f5b0dc7 pxl-column-none\" data-id=\"f5b0dc7\" data-element_type=\"column\">\r\n        <div class=\"elementor-widget-wrap elementor-element-populated\">\r\n                     \r\n        \t\t<div class=\"elementor-element elementor-element-6933d32 elementor-widget elementor-widget-google_maps\" data-id=\"6933d32\" data-element_type=\"widget\" data-widget_type=\"google_maps.default\">\n\t\t\t\t<div class=\"elementor-widget-container\">\n\t\t\t\t\t\t\t<div class=\"elementor-custom-embed\">\n\t\t\t<iframe loading=\"lazy\"\n\t\t\t\t\tsrc=\"https:\/\/maps.google.com\/maps?q=R.%20Sim%C3%A3o%20Gon%C3%A7alves%20Pereira%2C%20N%C2%B0%20155%20-%20Urup%C3%AAs%2C%20SP%2C%2015852-013&#038;t=m&#038;z=16&#038;output=embed&#038;iwloc=near\"\n\t\t\t\t\ttitle=\"R. Sim\u00e3o Gon\u00e7alves Pereira, N\u00b0 155 - Urup\u00eas, SP, 15852-013\"\n\t\t\t\t\taria-label=\"R. Sim\u00e3o Gon\u00e7alves Pereira, N\u00b0 155 - Urup\u00eas, SP, 15852-013\"\n\t\t\t><\/iframe>\n\t\t<\/div>\n\t\t\t\t\t\t<\/div>\n\t\t\t\t<\/div>\n\t\t            <\/div>\r\n        <\/div>\r\n        \t\t\t<\/div>\n\t\t<\/section>\n\t\t\t\t<\/div>\n\t\t","protected":false},"excerpt":{"rendered":"<p>Endere\u00e7o Rua Sim\u00e3o Gon\u00e7alves Pereira, 155, Jaguar\u00e9, Urup\u00eas, SP, CEP 15852-013 Telefone 0800 740 1414 (17) 3552-1471 E-mail contato@urupesnet.com.br suporte@urupesnet.com.br Estamos prontos para te atender Envie uma mensagem Enviar<\/p>\n","protected":false},"author":1,"featured_media":0,"parent":0,"menu_order":0,"comment_status":"closed","ping_status":"closed","template":"","meta":{"footnotes":""},"class_list":["post-42","page","type-page","status-publish","hentry"],"_links":{"self":[{"href":"https:\/\/urupesnet.com.br\/site\/wp-json\/wp\/v2\/pages\/42","targetHints":{"allow":["GET"]}}],"collection":[{"href":"https:\/\/urupesnet.com.br\/site\/wp-json\/wp\/v2\/pages"}],"about":[{"href":"https:\/\/urupesnet.com.br\/site\/wp-json\/wp\/v2\/types\/page"}],"author":[{"embeddable":true,"href":"https:\/\/urupesnet.com.br\/site\/wp-json\/wp\/v2\/users\/1"}],"replies":[{"embeddable":true,"href":"https:\/\/urupesnet.com.br\/site\/wp-json\/wp\/v2\/comments?post=42"}],"version-history":[{"count":16,"href":"https:\/\/urupesnet.com.br\/site\/wp-json\/wp\/v2\/pages\/42\/revisions"}],"predecessor-version":[{"id":7120,"href":"https:\/\/urupesnet.com.br\/site\/wp-json\/wp\/v2\/pages\/42\/revisions\/7120"}],"wp:attachment":[{"href":"https:\/\/urupesnet.com.br\/site\/wp-json\/wp\/v2\/media?parent=42"}],"curies":[{"name":"wp","href":"https:\/\/api.w.org\/{rel}","templated":true}]}}